{"id":1126,"date":"2021-06-06T21:29:39","date_gmt":"2021-06-06T20:29:39","guid":{"rendered":"https:\/\/beepp.nl\/?page_id=1126"},"modified":"2021-06-29T10:57:21","modified_gmt":"2021-06-29T09:57:21","slug":"meaningful-communication","status":"publish","type":"page","link":"https:\/\/teamstep.com\/nl\/meaningful-communication\/","title":{"rendered":"Meaningful Communication"},"content":{"rendered":"<div data-elementor-type=\"wp-page\" data-elementor-id=\"1126\" class=\"elementor elementor-1126\" data-elementor-post-type=\"page\">\n\t\t\t\t\t\t<section class=\"elementor-section elementor-top-section elementor-element elementor-element-3d246afd elementor-section-boxed elementor-section-height-default elementor-section-height-default\" data-id=\"3d246afd\" data-element_type=\"section\" data-e-type=\"section\" data-settings=\"{&quot;background_background&quot;:&quot;classic&quot;}\">\n\t\t\t\t\t\t<div class=\"elementor-container elementor-column-gap-default\">\n\t\t\t\t\t<div class=\"elementor-column elementor-col-100 elementor-top-column elementor-element elementor-element-27883df1\" data-id=\"27883df1\" data-element_type=\"column\" data-e-type=\"column\">\n\t\t\t<div class=\"elementor-widget-wrap elementor-element-populated\">\n\t\t\t\t\t\t<section class=\"elementor-section elementor-inner-section elementor-element elementor-element-61cbbc4b elementor-section-boxed elementor-section-height-default elementor-section-height-default\" data-id=\"61cbbc4b\" data-element_type=\"section\" data-e-type=\"section\">\n\t\t\t\t\t\t<div class=\"elementor-container elementor-column-gap-default\">\n\t\t\t\t\t<div class=\"elementor-column elementor-col-50 elementor-inner-column elementor-element elementor-element-7ae083d6\" data-id=\"7ae083d6\" data-element_type=\"column\" data-e-type=\"column\">\n\t\t\t<div class=\"elementor-widget-wrap elementor-element-populated\">\n\t\t\t\t\t\t<div class=\"elementor-element elementor-element-c7e7d17 elementor-hidden-phone elementor-widget elementor-widget-text-editor\" data-id=\"c7e7d17\" data-element_type=\"widget\" data-e-type=\"widget\" data-widget_type=\"text-editor.default\">\n\t\t\t\t<div class=\"elementor-widget-container\">\n\t\t\t\t\t\t\t\t\t<p>Krijg grip op interne communicatie en informatievoorziening, zodat wat belangrijk is beter toegankelijk is en wordt gezien.<\/p>\t\t\t\t\t\t\t\t<\/div>\n\t\t\t\t<\/div>\n\t\t\t\t\t<\/div>\n\t\t<\/div>\n\t\t\t\t<div class=\"elementor-column elementor-col-50 elementor-inner-column elementor-element elementor-element-31683e18\" data-id=\"31683e18\" data-element_type=\"column\" data-e-type=\"column\">\n\t\t\t<div class=\"elementor-widget-wrap elementor-element-populated\">\n\t\t\t\t\t\t<div class=\"elementor-element elementor-element-565c1961 elementor-hidden-phone elementor-widget elementor-widget-image\" data-id=\"565c1961\" data-element_type=\"widget\" data-e-type=\"widget\" data-widget_type=\"image.default\">\n\t\t\t\t<div class=\"elementor-widget-container\">\n\t\t\t\t\t\t\t\t\t\t\t\t\t\t\t<img fetchpriority=\"high\" decoding=\"async\" width=\"640\" height=\"651\" src=\"https:\/\/teamstep.com\/wp-content\/uploads\/2021\/06\/Beepp_meaningful_internal_communication-1007x1024.png\" class=\"attachment-large size-large wp-image-1138\" alt=\"\" srcset=\"https:\/\/teamstep.com\/wp-content\/uploads\/2021\/06\/Beepp_meaningful_internal_communication-1007x1024.png 1007w, https:\/\/teamstep.com\/wp-content\/uploads\/2021\/06\/Beepp_meaningful_internal_communication-295x300.png 295w, https:\/\/teamstep.com\/wp-content\/uploads\/2021\/06\/Beepp_meaningful_internal_communication-768x781.png 768w, https:\/\/teamstep.com\/wp-content\/uploads\/2021\/06\/Beepp_meaningful_internal_communication-12x12.png 12w, https:\/\/teamstep.com\/wp-content\/uploads\/2021\/06\/Beepp_meaningful_internal_communication.png 1106w\" sizes=\"(max-width: 640px) 100vw, 640px\" \/>\t\t\t\t\t\t\t\t\t\t\t\t\t\t\t<\/div>\n\t\t\t\t<\/div>\n\t\t\t\t\t<\/div>\n\t\t<\/div>\n\t\t\t\t\t<\/div>\n\t\t<\/section>\n\t\t\t\t<div class=\"elementor-element elementor-element-68e063e elementor-hidden-desktop elementor-hidden-tablet elementor-widget elementor-widget-text-editor\" data-id=\"68e063e\" data-element_type=\"widget\" data-e-type=\"widget\" data-widget_type=\"text-editor.default\">\n\t\t\t\t<div class=\"elementor-widget-container\">\n\t\t\t\t\t\t\t\t\t<p>Krijg grip op interne communicatie en informatievoorziening, zodat wat belangrijk is beter toegankelijk is en wordt gezien.<\/p>\t\t\t\t\t\t\t\t<\/div>\n\t\t\t\t<\/div>\n\t\t\t\t<div class=\"elementor-element elementor-element-6102003f elementor-hidden-desktop elementor-hidden-tablet elementor-widget elementor-widget-image\" data-id=\"6102003f\" data-element_type=\"widget\" data-e-type=\"widget\" data-widget_type=\"image.default\">\n\t\t\t\t<div class=\"elementor-widget-container\">\n\t\t\t\t\t\t\t\t\t\t\t\t\t\t\t<img fetchpriority=\"high\" decoding=\"async\" width=\"640\" height=\"651\" src=\"https:\/\/teamstep.com\/wp-content\/uploads\/2021\/06\/Beepp_meaningful_internal_communication-1007x1024.png\" class=\"attachment-large size-large wp-image-1138\" alt=\"\" srcset=\"https:\/\/teamstep.com\/wp-content\/uploads\/2021\/06\/Beepp_meaningful_internal_communication-1007x1024.png 1007w, https:\/\/teamstep.com\/wp-content\/uploads\/2021\/06\/Beepp_meaningful_internal_communication-295x300.png 295w, https:\/\/teamstep.com\/wp-content\/uploads\/2021\/06\/Beepp_meaningful_internal_communication-768x781.png 768w, https:\/\/teamstep.com\/wp-content\/uploads\/2021\/06\/Beepp_meaningful_internal_communication-12x12.png 12w, https:\/\/teamstep.com\/wp-content\/uploads\/2021\/06\/Beepp_meaningful_internal_communication.png 1106w\" sizes=\"(max-width: 640px) 100vw, 640px\" \/>\t\t\t\t\t\t\t\t\t\t\t\t\t\t\t<\/div>\n\t\t\t\t<\/div>\n\t\t\t\t\t<\/div>\n\t\t<\/div>\n\t\t\t\t\t<\/div>\n\t\t<\/section>\n\t\t\t\t<section class=\"elementor-section elementor-top-section elementor-element elementor-element-7ca405e4 elementor-section-boxed elementor-section-height-default elementor-section-height-default\" data-id=\"7ca405e4\" data-element_type=\"section\" data-e-type=\"section\">\n\t\t\t\t\t\t<div class=\"elementor-container elementor-column-gap-default\">\n\t\t\t\t\t<div class=\"elementor-column elementor-col-100 elementor-top-column elementor-element elementor-element-58f57e81\" data-id=\"58f57e81\" data-element_type=\"column\" data-e-type=\"column\">\n\t\t\t<div class=\"elementor-widget-wrap elementor-element-populated\">\n\t\t\t\t\t\t<section class=\"elementor-section elementor-inner-section elementor-element elementor-element-2adcf2a elementor-reverse-mobile elementor-section-boxed elementor-section-height-default elementor-section-height-default\" data-id=\"2adcf2a\" data-element_type=\"section\" data-e-type=\"section\">\n\t\t\t\t\t\t<div class=\"elementor-container elementor-column-gap-default\">\n\t\t\t\t\t<div class=\"elementor-column elementor-col-50 elementor-inner-column elementor-element elementor-element-7042dc6e\" data-id=\"7042dc6e\" data-element_type=\"column\" data-e-type=\"column\">\n\t\t\t<div class=\"elementor-widget-wrap elementor-element-populated\">\n\t\t\t\t\t\t<div class=\"elementor-element elementor-element-260f1904 elementor-invisible elementor-widget elementor-widget-image\" data-id=\"260f1904\" data-element_type=\"widget\" data-e-type=\"widget\" data-settings=\"{&quot;_animation&quot;:&quot;slideInLeft&quot;}\" data-widget_type=\"image.default\">\n\t\t\t\t<div class=\"elementor-widget-container\">\n\t\t\t\t\t\t\t\t\t\t\t\t\t\t\t<img decoding=\"async\" width=\"561\" height=\"1024\" src=\"https:\/\/teamstep.com\/wp-content\/uploads\/2021\/06\/Beepp_meaningful_messages-561x1024.png\" class=\"attachment-large size-large wp-image-1131\" alt=\"\" srcset=\"https:\/\/teamstep.com\/wp-content\/uploads\/2021\/06\/Beepp_meaningful_messages-561x1024.png 561w, https:\/\/teamstep.com\/wp-content\/uploads\/2021\/06\/Beepp_meaningful_messages-164x300.png 164w, https:\/\/teamstep.com\/wp-content\/uploads\/2021\/06\/Beepp_meaningful_messages-7x12.png 7w, https:\/\/teamstep.com\/wp-content\/uploads\/2021\/06\/Beepp_meaningful_messages.png 616w\" sizes=\"(max-width: 561px) 100vw, 561px\" \/>\t\t\t\t\t\t\t\t\t\t\t\t\t\t\t<\/div>\n\t\t\t\t<\/div>\n\t\t\t\t\t<\/div>\n\t\t<\/div>\n\t\t\t\t<div class=\"elementor-column elementor-col-50 elementor-inner-column elementor-element elementor-element-1c687a92\" data-id=\"1c687a92\" data-element_type=\"column\" data-e-type=\"column\">\n\t\t\t<div class=\"elementor-widget-wrap elementor-element-populated\">\n\t\t\t\t\t\t<div class=\"elementor-element elementor-element-3d1d9638 elementor-widget elementor-widget-text-editor\" data-id=\"3d1d9638\" data-element_type=\"widget\" data-e-type=\"widget\" data-widget_type=\"text-editor.default\">\n\t\t\t\t<div class=\"elementor-widget-container\">\n\t\t\t\t\t\t\t\t\t<p>Deel successen, vacatures, belangrijke wijzigingen, mededelingen en zet positieve en energie-cre\u00ebrende challenges uit. Zorg dat alleen de zinvolle berichten worden gedeeld, zodat belangrijke zaken niet verdwijnen in een overload aan informatie en minder zinnige communicatie. Koppel de chatfunctie aan deze zinvolle berichten, zodat chats over onderwerpen gaan die de medewerkers en de organisatie verder brengen.<\/p>\t\t\t\t\t\t\t\t<\/div>\n\t\t\t\t<\/div>\n\t\t\t\t\t<\/div>\n\t\t<\/div>\n\t\t\t\t\t<\/div>\n\t\t<\/section>\n\t\t\t\t\t<\/div>\n\t\t<\/div>\n\t\t\t\t\t<\/div>\n\t\t<\/section>\n\t\t\t\t<section class=\"elementor-section elementor-inner-section elementor-element elementor-element-7648100c elementor-section-boxed elementor-section-height-default elementor-section-height-default\" data-id=\"7648100c\" data-element_type=\"section\" data-e-type=\"section\" id=\"section_1\">\n\t\t\t\t\t\t<div class=\"elementor-container elementor-column-gap-default\">\n\t\t\t\t\t\t<\/div>\n\t\t<\/section>\n\t\t\t\t<section class=\"elementor-section elementor-top-section elementor-element elementor-element-53909f97 elementor-section-boxed elementor-section-height-default elementor-section-height-default\" data-id=\"53909f97\" data-element_type=\"section\" data-e-type=\"section\">\n\t\t\t\t\t\t<div class=\"elementor-container elementor-column-gap-default\">\n\t\t\t\t\t<div class=\"elementor-column elementor-col-100 elementor-top-column elementor-element elementor-element-1d03f447\" data-id=\"1d03f447\" data-element_type=\"column\" data-e-type=\"column\">\n\t\t\t<div class=\"elementor-widget-wrap elementor-element-populated\">\n\t\t\t\t\t\t<section class=\"elementor-section elementor-inner-section elementor-element elementor-element-22478334 elementor-section-boxed elementor-section-height-default elementor-section-height-default\" data-id=\"22478334\" data-element_type=\"section\" data-e-type=\"section\">\n\t\t\t\t\t\t<div class=\"elementor-container elementor-column-gap-default\">\n\t\t\t\t\t<div class=\"elementor-column elementor-col-50 elementor-inner-column elementor-element elementor-element-17824906\" data-id=\"17824906\" data-element_type=\"column\" data-e-type=\"column\">\n\t\t\t<div class=\"elementor-widget-wrap elementor-element-populated\">\n\t\t\t\t\t\t<div class=\"elementor-element elementor-element-5937e853 elementor-widget elementor-widget-text-editor\" data-id=\"5937e853\" data-element_type=\"widget\" data-e-type=\"widget\" data-widget_type=\"text-editor.default\">\n\t\t\t\t<div class=\"elementor-widget-container\">\n\t\t\t\t\t\t\t\t\t<p>Alle belangrijke berichten, trainingen en documenten zijn ook toegankelijk via ons gebruiksvriendelijke zoekprogramma. Hiermee kunnen gebruikers op \u00e9\u00e9n plek eenvoudig informatie terugvinden. We zijn hiermee een verfrissend alternatief voor een intranet.<\/p>\t\t\t\t\t\t\t\t<\/div>\n\t\t\t\t<\/div>\n\t\t\t\t\t<\/div>\n\t\t<\/div>\n\t\t\t\t<div class=\"elementor-column elementor-col-50 elementor-inner-column elementor-element elementor-element-380c57a2\" data-id=\"380c57a2\" data-element_type=\"column\" data-e-type=\"column\">\n\t\t\t<div class=\"elementor-widget-wrap elementor-element-populated\">\n\t\t\t\t\t\t<div class=\"elementor-element elementor-element-7072bf01 elementor-invisible elementor-widget elementor-widget-image\" data-id=\"7072bf01\" data-element_type=\"widget\" data-e-type=\"widget\" data-settings=\"{&quot;_animation&quot;:&quot;slideInRight&quot;}\" data-widget_type=\"image.default\">\n\t\t\t\t<div class=\"elementor-widget-container\">\n\t\t\t\t\t\t\t\t\t\t\t\t\t\t\t<img decoding=\"async\" width=\"566\" height=\"1024\" src=\"https:\/\/teamstep.com\/wp-content\/uploads\/2021\/06\/Beepp_accessible_information-566x1024.png\" class=\"attachment-large size-large wp-image-1130\" alt=\"\" srcset=\"https:\/\/teamstep.com\/wp-content\/uploads\/2021\/06\/Beepp_accessible_information-566x1024.png 566w, https:\/\/teamstep.com\/wp-content\/uploads\/2021\/06\/Beepp_accessible_information-166x300.png 166w, https:\/\/teamstep.com\/wp-content\/uploads\/2021\/06\/Beepp_accessible_information-7x12.png 7w, https:\/\/teamstep.com\/wp-content\/uploads\/2021\/06\/Beepp_accessible_information.png 622w\" sizes=\"(max-width: 566px) 100vw, 566px\" \/>\t\t\t\t\t\t\t\t\t\t\t\t\t\t\t<\/div>\n\t\t\t\t<\/div>\n\t\t\t\t\t<\/div>\n\t\t<\/div>\n\t\t\t\t\t<\/div>\n\t\t<\/section>\n\t\t\t\t\t<\/div>\n\t\t<\/div>\n\t\t\t\t\t<\/div>\n\t\t<\/section>\n\t\t\t\t<section class=\"elementor-section elementor-top-section elementor-element elementor-element-40dbad6c elementor-section-boxed elementor-section-height-default elementor-section-height-default\" data-id=\"40dbad6c\" data-element_type=\"section\" data-e-type=\"section\">\n\t\t\t\t\t\t<div class=\"elementor-container elementor-column-gap-default\">\n\t\t\t\t\t<div class=\"elementor-column elementor-col-100 elementor-top-column elementor-element elementor-element-5978541b\" data-id=\"5978541b\" data-element_type=\"column\" data-e-type=\"column\">\n\t\t\t<div class=\"elementor-widget-wrap elementor-element-populated\">\n\t\t\t\t\t\t<section class=\"elementor-section elementor-inner-section elementor-element elementor-element-5c2e0e46 elementor-section-boxed elementor-section-height-default elementor-section-height-default\" data-id=\"5c2e0e46\" data-element_type=\"section\" data-e-type=\"section\">\n\t\t\t\t\t\t<div class=\"elementor-container elementor-column-gap-default\">\n\t\t\t\t\t<div class=\"elementor-column elementor-col-50 elementor-inner-column elementor-element elementor-element-318a0bb5\" data-id=\"318a0bb5\" data-element_type=\"column\" data-e-type=\"column\">\n\t\t\t<div class=\"elementor-widget-wrap elementor-element-populated\">\n\t\t\t\t\t\t<div class=\"elementor-element elementor-element-4400fc51 elementor-invisible elementor-widget elementor-widget-image\" data-id=\"4400fc51\" data-element_type=\"widget\" data-e-type=\"widget\" data-settings=\"{&quot;_animation&quot;:&quot;slideInLeft&quot;}\" data-widget_type=\"image.default\">\n\t\t\t\t<div class=\"elementor-widget-container\">\n\t\t\t\t\t\t\t\t\t\t\t\t\t\t\t<img loading=\"lazy\" decoding=\"async\" width=\"561\" height=\"1024\" src=\"https:\/\/teamstep.com\/wp-content\/uploads\/2021\/06\/Beepp_messages-561x1024.png\" class=\"attachment-large size-large wp-image-1129\" alt=\"\" srcset=\"https:\/\/teamstep.com\/wp-content\/uploads\/2021\/06\/Beepp_messages-561x1024.png 561w, https:\/\/teamstep.com\/wp-content\/uploads\/2021\/06\/Beepp_messages-164x300.png 164w, https:\/\/teamstep.com\/wp-content\/uploads\/2021\/06\/Beepp_messages-7x12.png 7w, https:\/\/teamstep.com\/wp-content\/uploads\/2021\/06\/Beepp_messages.png 616w\" sizes=\"(max-width: 561px) 100vw, 561px\" \/>\t\t\t\t\t\t\t\t\t\t\t\t\t\t\t<\/div>\n\t\t\t\t<\/div>\n\t\t\t\t\t<\/div>\n\t\t<\/div>\n\t\t\t\t<div class=\"elementor-column elementor-col-50 elementor-inner-column elementor-element elementor-element-3d3f3466\" data-id=\"3d3f3466\" data-element_type=\"column\" data-e-type=\"column\">\n\t\t\t<div class=\"elementor-widget-wrap elementor-element-populated\">\n\t\t\t\t\t\t<div class=\"elementor-element elementor-element-71a71e9a elementor-widget elementor-widget-text-editor\" data-id=\"71a71e9a\" data-element_type=\"widget\" data-e-type=\"widget\" data-widget_type=\"text-editor.default\">\n\t\t\t\t<div class=\"elementor-widget-container\">\n\t\t\t\t\t\t\t\t\t<p>Belangrijke berichten en notificaties uit andere applicaties kunnen op de tijdslijn van Beepp worden weergegeven, zodat medewerkers deze niet over het hoofd zien. Door buttons toe te voegen is het mogelijk om te navigeren naar een onderdeel van een andere applicatie, waardoor voor medewerkers \u00e9\u00e9n centraal overzicht ontstaat.<\/p>\t\t\t\t\t\t\t\t<\/div>\n\t\t\t\t<\/div>\n\t\t\t\t\t<\/div>\n\t\t<\/div>\n\t\t\t\t\t<\/div>\n\t\t<\/section>\n\t\t\t\t\t<\/div>\n\t\t<\/div>\n\t\t\t\t\t<\/div>\n\t\t<\/section>\n\t\t\t\t<section class=\"elementor-section elementor-top-section elementor-element elementor-element-2e30ed56 elementor-section-boxed elementor-section-height-default elementor-section-height-default\" data-id=\"2e30ed56\" data-element_type=\"section\" data-e-type=\"section\">\n\t\t\t\t\t\t<div class=\"elementor-container elementor-column-gap-default\">\n\t\t\t\t\t<div class=\"elementor-column elementor-col-100 elementor-top-column elementor-element elementor-element-46444fa6\" data-id=\"46444fa6\" data-element_type=\"column\" data-e-type=\"column\">\n\t\t\t<div class=\"elementor-widget-wrap elementor-element-populated\">\n\t\t\t\t\t\t<section class=\"elementor-section elementor-inner-section elementor-element elementor-element-48bc5fdf elementor-section-boxed elementor-section-height-default elementor-section-height-default\" data-id=\"48bc5fdf\" data-element_type=\"section\" data-e-type=\"section\">\n\t\t\t\t\t\t<div class=\"elementor-container elementor-column-gap-default\">\n\t\t\t\t\t<div class=\"elementor-column elementor-col-50 elementor-inner-column elementor-element elementor-element-61e95770\" data-id=\"61e95770\" data-element_type=\"column\" data-e-type=\"column\">\n\t\t\t<div class=\"elementor-widget-wrap elementor-element-populated\">\n\t\t\t\t\t\t<div class=\"elementor-element elementor-element-6cc9ea2c elementor-widget elementor-widget-text-editor\" data-id=\"6cc9ea2c\" data-element_type=\"widget\" data-e-type=\"widget\" data-widget_type=\"text-editor.default\">\n\t\t\t\t<div class=\"elementor-widget-container\">\n\t\t\t\t\t\t\t\t\t<p>Cre\u00eber eenvoudige berichten over ieder gewenst onderwerp. Plan de berichten op de tijdslijnen van zelf te defini\u00ebren groepen. Video, buttons, chatfuncties, bijlagen, GIFs en links maken het mogelijk allerlei soorten berichten te cre\u00ebren.<\/p>\t\t\t\t\t\t\t\t<\/div>\n\t\t\t\t<\/div>\n\t\t\t\t\t<\/div>\n\t\t<\/div>\n\t\t\t\t<div class=\"elementor-column elementor-col-50 elementor-inner-column elementor-element elementor-element-7956f766\" data-id=\"7956f766\" data-element_type=\"column\" data-e-type=\"column\">\n\t\t\t<div class=\"elementor-widget-wrap elementor-element-populated\">\n\t\t\t\t\t\t<div class=\"elementor-element elementor-element-3ac850ec elementor-invisible elementor-widget elementor-widget-image\" data-id=\"3ac850ec\" data-element_type=\"widget\" data-e-type=\"widget\" data-settings=\"{&quot;_animation&quot;:&quot;slideInRight&quot;}\" data-widget_type=\"image.default\">\n\t\t\t\t<div class=\"elementor-widget-container\">\n\t\t\t\t\t\t\t\t\t\t\t\t\t\t\t<img loading=\"lazy\" decoding=\"async\" width=\"583\" height=\"1024\" src=\"https:\/\/teamstep.com\/wp-content\/uploads\/2021\/06\/Beepp_post-creator-583x1024.png\" class=\"attachment-large size-large wp-image-1128\" alt=\"\" srcset=\"https:\/\/teamstep.com\/wp-content\/uploads\/2021\/06\/Beepp_post-creator-583x1024.png 583w, https:\/\/teamstep.com\/wp-content\/uploads\/2021\/06\/Beepp_post-creator-171x300.png 171w, https:\/\/teamstep.com\/wp-content\/uploads\/2021\/06\/Beepp_post-creator-7x12.png 7w, https:\/\/teamstep.com\/wp-content\/uploads\/2021\/06\/Beepp_post-creator.png 641w\" sizes=\"(max-width: 583px) 100vw, 583px\" \/>\t\t\t\t\t\t\t\t\t\t\t\t\t\t\t<\/div>\n\t\t\t\t<\/div>\n\t\t\t\t\t<\/div>\n\t\t<\/div>\n\t\t\t\t\t<\/div>\n\t\t<\/section>\n\t\t\t\t\t<\/div>\n\t\t<\/div>\n\t\t\t\t\t<\/div>\n\t\t<\/section>\n\t\t\t\t<section class=\"elementor-section elementor-top-section elementor-element elementor-element-4c58de47 elementor-section-boxed elementor-section-height-default elementor-section-height-default\" data-id=\"4c58de47\" data-element_type=\"section\" data-e-type=\"section\">\n\t\t\t\t\t\t<div class=\"elementor-container elementor-column-gap-default\">\n\t\t\t\t\t<div class=\"elementor-column elementor-col-100 elementor-top-column elementor-element elementor-element-20a215c9\" data-id=\"20a215c9\" data-element_type=\"column\" data-e-type=\"column\">\n\t\t\t<div class=\"elementor-widget-wrap elementor-element-populated\">\n\t\t\t\t\t\t<div class=\"elementor-element elementor-element-3c8a4b2f elementor-align-center elementor-widget elementor-widget-button\" data-id=\"3c8a4b2f\" data-element_type=\"widget\" data-e-type=\"widget\" data-widget_type=\"button.default\">\n\t\t\t\t<div class=\"elementor-widget-container\">\n\t\t\t\t\t\t\t\t\t<div class=\"elementor-button-wrapper\">\n\t\t\t\t\t<a class=\"elementor-button elementor-button-link elementor-size-md\" href=\"#elementor-action%3Aaction%3Dpopup%3Aopen%26settings%3DeyJpZCI6IjI3OCIsInRvZ2dsZSI6ZmFsc2V9\">\n\t\t\t\t\t\t<span class=\"elementor-button-content-wrapper\">\n\t\t\t\t\t\t\t\t\t<span class=\"elementor-button-text\">boek een demo<\/span>\n\t\t\t\t\t<\/span>\n\t\t\t\t\t<\/a>\n\t\t\t\t<\/div>\n\t\t\t\t\t\t\t\t<\/div>\n\t\t\t\t<\/div>\n\t\t\t\t\t<\/div>\n\t\t<\/div>\n\t\t\t\t\t<\/div>\n\t\t<\/section>\n\t\t\t\t<\/div>","protected":false},"excerpt":{"rendered":"<p>Meaningful Communication Get a grip on internal communication and information sharing, so what is important is better accessible and gets noticed. Meaningful Communication Get a grip on internal communication and information sharing, so what is important is better accessible and gets noticed. Meaningful Messages Share successes, vacancies, important changes, announcements and set positive and energy-creating &hellip; <\/p>\n<p class=\"link-more\"><a href=\"https:\/\/teamstep.com\/nl\/meaningful-communication\/\" class=\"more-link\">Lees verder <span class=\"screen-reader-text\">&#8220;Meaningful Communication&#8221;<\/span><\/a><\/p>","protected":false},"author":1,"featured_media":0,"parent":0,"menu_order":0,"comment_status":"closed","ping_status":"closed","template":"elementor_header_footer","meta":{"inline_featured_image":false,"_monsterinsights_skip_tracking":false,"_monsterinsights_sitenote_active":false,"_monsterinsights_sitenote_note":"","_monsterinsights_sitenote_category":0,"footnotes":""},"class_list":["post-1126","page","type-page","status-publish","hentry","entry"],"_links":{"self":[{"href":"https:\/\/teamstep.com\/nl\/wp-json\/wp\/v2\/pages\/1126","targetHints":{"allow":["GET"]}}],"collection":[{"href":"https:\/\/teamstep.com\/nl\/wp-json\/wp\/v2\/pages"}],"about":[{"href":"https:\/\/teamstep.com\/nl\/wp-json\/wp\/v2\/types\/page"}],"author":[{"embeddable":true,"href":"https:\/\/teamstep.com\/nl\/wp-json\/wp\/v2\/users\/1"}],"replies":[{"embeddable":true,"href":"https:\/\/teamstep.com\/nl\/wp-json\/wp\/v2\/comments?post=1126"}],"version-history":[{"count":0,"href":"https:\/\/teamstep.com\/nl\/wp-json\/wp\/v2\/pages\/1126\/revisions"}],"wp:attachment":[{"href":"https:\/\/teamstep.com\/nl\/wp-json\/wp\/v2\/media?parent=1126"}],"curies":[{"name":"wp","href":"https:\/\/api.w.org\/{rel}","templated":true}]}}